{"id":15,"date":"2026-02-24T22:26:04","date_gmt":"2026-02-24T22:26:04","guid":{"rendered":"https:\/\/isadellcleaningservices.com\/?page_id=15"},"modified":"2026-02-24T22:26:04","modified_gmt":"2026-02-24T22:26:04","slug":"testimonios","status":"publish","type":"page","link":"https:\/\/isadellcleaningservices.com\/en\/testimonios\/","title":{"rendered":"Testimonios"},"content":{"rendered":"<div class=\"et_pb_section_0 et_pb_section et_section_regular et_block_section preset--module--divi-section--_module_preset=\"><div class=\"et_pb_row_0 et_pb_row et_block_row preset--module--divi-row--5138c454-be54-4233-bd3b-f8e6a8747976\"><div class=\"et_pb_column_0 et_pb_column et_pb_column_2_3 et_block_column et_pb_css_mix_blend_mode_passthrough preset--module--divi-column--73121f80-a3ef-4484-8763-c3f18e3c56d2\"><div class=\"et_pb_heading_0 et_pb_heading et_pb_module et_flex_module preset--module--divi-heading--f0c675ea-2574-4d0e-b725-30f8550a8550\"><div class=\"et_pb_heading_container\"><h4 class=\"et_pb_module_header\">Experiencias de Limpieza Excepcional<\/h4><\/div><\/div><div class=\"et_pb_heading_1 et_pb_heading et_pb_module et_flex_module preset--module--divi-heading--ddeb8c09-9078-4424-bc15-2efb6572e28e\"><div class=\"et_pb_heading_container\"><h1 class=\"et_pb_module_header\">Opiniones de Nuestros Clientes Satisfechos<\/h1><\/div><\/div><div class=\"et_pb_text_0 et_pb_text et_pb_bg_layout_light et_pb_module et_flex_module preset--module--divi-text--0504de1e-f5ff-4281-ba60-cbbe4edf98bc\"><div class=\"et_pb_text_inner\"><p>Descubre c\u00f3mo nuestros servicios de limpieza han transformado los hogares y negocios de nuestros clientes, brindando resultados impecables y satisfacci\u00f3n garantizada.<\/p>\n<\/div><\/div><div class=\"et_pb_module et_pb_button_module_wrapper et_pb_button_0_wrapper preset--module--divi-button--ab15fb74-61a3-43aa-96b3-41e09aeef654_wrapper\"><a class=\"et_pb_button_0 et_pb_button et_pb_bg_layout_light et_pb_module et_flex_module preset--module--divi-button--ab15fb74-61a3-43aa-96b3-41e09aeef654\" href=\"\">Conoce M\u00e1s<\/a><\/div><\/div><div class=\"et_pb_column_1 et_pb_column et_pb_column_1_3 et-last-child et_block_column et_pb_column_empty et_pb_css_mix_blend_mode_passthrough preset--module--divi-column--73121f80-a3ef-4484-8763-c3f18e3c56d2\"><\/div><\/div><\/div><div class=\"et_pb_section_1 et_pb_section et_section_regular et_block_section\"><div class=\"et_pb_row_1 et_pb_row et_block_row preset--module--divi-row--5138c454-be54-4233-bd3b-f8e6a8747976\"><div class=\"et_pb_column_2 et_pb_column et_pb_column_4_4 et-last-child et_block_column et_pb_css_mix_blend_mode_passthrough preset--module--divi-column--73121f80-a3ef-4484-8763-c3f18e3c56d2\"><div class=\"et_pb_heading_2 et_pb_heading et_pb_module et_flex_module preset--module--divi-heading--default\"><div class=\"et_pb_heading_container\"><h2 class=\"et_pb_module_header\">Lo Que Dicen Nuestros Clientes<\/h2><\/div><\/div><\/div><\/div><div class=\"et_pb_row_2 et_pb_row et_block_row preset--module--divi-row--5138c454-be54-4233-bd3b-f8e6a8747976\"><div class=\"et_pb_column_3 et_pb_column et_pb_column_1_3 et_block_column et_pb_css_mix_blend_mode_passthrough preset--module--divi-column--73121f80-a3ef-4484-8763-c3f18e3c56d2\"><div class=\"et_pb_icon_0 et_pb_icon et_pb_module et_flex_module ai_ignore_font_icon preset--module--divi-icon--e1bb7f25-3cb3-46ff-8d8e-70235688eba8\"><span class=\"et_pb_icon_wrap\"><span class=\"et-pb-icon\">\uf10d<\/span><\/span><\/div><div class=\"et_pb_text_1 et_pb_text et_pb_bg_layout_light et_pb_module et_flex_module preset--module--divi-text--default\"><div class=\"et_pb_text_inner\"><p>\"Desde que contratamos a Isadell Cleaning Services, nuestro hogar nunca ha estado m\u00e1s limpio. Su atenci\u00f3n al detalle es insuperable.\" - Mar\u00eda G.<\/p>\n<\/div><\/div><\/div><div class=\"et_pb_column_4 et_pb_column et_pb_column_1_3 et_block_column et_pb_css_mix_blend_mode_passthrough preset--module--divi-column--73121f80-a3ef-4484-8763-c3f18e3c56d2\"><div class=\"et_pb_icon_1 et_pb_icon et_pb_module et_flex_module ai_ignore_font_icon preset--module--divi-icon--e1bb7f25-3cb3-46ff-8d8e-70235688eba8\"><span class=\"et_pb_icon_wrap\"><span class=\"et-pb-icon\">\uf10d<\/span><\/span><\/div><div class=\"et_pb_text_2 et_pb_text et_pb_bg_layout_light et_pb_module et_flex_module preset--module--divi-text--default\"><div class=\"et_pb_text_inner\"><p>\"La eficiencia y profesionalismo del equipo de Isadell es impresionante. Recomiendo sus servicios a todos mis amigos.\" - Carlos T.<\/p>\n<\/div><\/div><\/div><div class=\"et_pb_column_5 et_pb_column et_pb_column_1_3 et-last-child et_block_column et_pb_css_mix_blend_mode_passthrough preset--module--divi-column--73121f80-a3ef-4484-8763-c3f18e3c56d2\"><div class=\"et_pb_icon_2 et_pb_icon et_pb_module et_flex_module ai_ignore_font_icon preset--module--divi-icon--e1bb7f25-3cb3-46ff-8d8e-70235688eba8\"><span class=\"et_pb_icon_wrap\"><span class=\"et-pb-icon\">\uf10d<\/span><\/span><\/div><div class=\"et_pb_text_3 et_pb_text et_pb_bg_layout_light et_pb_module et_flex_module preset--module--divi-text--default\"><div class=\"et_pb_text_inner\"><p>\"Gracias a Isadell Cleaning Services, mi oficina siempre est\u00e1 impecable. Su servicio es r\u00e1pido y confiable.\" - Ana R.<\/p>\n<\/div><\/div><\/div><\/div><\/div><div class=\"et_pb_section_2 et_pb_section et_section_regular et_block_section\"><div class=\"et_pb_row_3 et_pb_row et_block_row preset--module--divi-row--333b8a65-5730-490d-b80e-51611171c668\"><div class=\"et_pb_column_6 et_pb_column et_pb_column_3_5 et_block_column et_pb_css_mix_blend_mode_passthrough preset--module--divi-column--73121f80-a3ef-4484-8763-c3f18e3c56d2\"><div class=\"et_pb_heading_3 et_pb_heading et_pb_module et_flex_module preset--module--divi-heading--default\"><div class=\"et_pb_heading_container\"><h2 class=\"et_pb_module_header\">Solicita Nuestros Servicios Hoy<\/h2><\/div><\/div><div class=\"et_pb_text_4 et_pb_text et_pb_bg_layout_light et_pb_module et_flex_module preset--module--divi-text--0504de1e-f5ff-4281-ba60-cbbe4edf98bc\"><div class=\"et_pb_text_inner\"><p>Experimenta la diferencia con Isadell Cleaning Services. Garantizamos satisfacci\u00f3n total con cada limpieza. \u00a1Cont\u00e1ctanos ahora para una cotizaci\u00f3n gratuita!<\/p>\n<\/div><\/div><\/div><div class=\"et_pb_column_7 et_pb_column et_pb_column_2_5 et-last-child et_block_column et_pb_css_mix_blend_mode_passthrough preset--module--divi-column--73121f80-a3ef-4484-8763-c3f18e3c56d2\"><div class=\"et_pb_module et_pb_button_module_wrapper et_pb_button_1_wrapper preset--module--divi-button--ab15fb74-61a3-43aa-96b3-41e09aeef654_wrapper\"><a class=\"et_pb_button_1 et_pb_button et_pb_bg_layout_light et_pb_module et_flex_module preset--module--divi-button--ab15fb74-61a3-43aa-96b3-41e09aeef654\" href=\"\">Solicita una Cotizaci\u00f3n<\/a><\/div><\/div><\/div><\/div><div class=\"et_pb_section_3 et_pb_section et_section_regular et_block_section\"><div class=\"et_pb_row_4 et_pb_row et_block_row preset--module--divi-row--048d8e79-b07f-439b-bd57-f41c14f0a56b\"><div class=\"et_pb_column_8 et_pb_column et_pb_column_1_2 et_block_column et_pb_css_mix_blend_mode_passthrough\"><div class=\"et_pb_image_0 et_pb_image et_pb_module et_flex_module preset--module--divi-image--default\"><span class=\"et_pb_image_wrap\"><img decoding=\"async\" src=\"https:\/\/images.unsplash.com\/photo-1616047006789-b7af5afb8c20?ixid=M3w1ODkyNzF8MHwxfHNlYXJjaHw1fHx0aWR5JTIwbGl2aW5nJTIwcm9vbSUyMHNwYWNlfGVufDB8Mnx8fDE3NzE5NzE5MDN8MA&#038;ixlib=rb-4.1.0&#038;fm=webp&#038;fit=crop&#038;crop=entropy&#038;w=800&#038;h=800&#038;q=20&#038;dpr=2\" title=\"800x800\" \/><\/span><\/div><\/div><div class=\"et_pb_column_9 et_pb_column et_pb_column_1_2 et-last-child et_block_column et_pb_css_mix_blend_mode_passthrough\"><div class=\"et_pb_heading_4 et_pb_heading et_pb_module et_flex_module preset--module--divi-heading--default\"><div class=\"et_pb_heading_container\"><h2 class=\"et_pb_module_header\">Acerca de Nosotros<\/h2><\/div><\/div><div class=\"et_pb_text_5 et_pb_text et_pb_bg_layout_light et_pb_module et_flex_module preset--module--divi-text--default\"><div class=\"et_pb_text_inner\"><p>En Isadell Cleaning Services, nos dedicamos a ofrecer servicios de limpieza excepcionales para apartamentos, casas y edificios. Nuestra misi\u00f3n es proporcionar un entorno limpio y saludable para nuestros clientes, asegurando la m\u00e1xima satisfacci\u00f3n a trav\u00e9s de un servicio de calidad y atenci\u00f3n al detalle. Con a\u00f1os de experiencia en la industria, nos enorgullece ser un nombre confiable en el sector de limpieza, comprometidos con la excelencia y la innovaci\u00f3n en cada proyecto.<\/p>\n<\/div><\/div><div class=\"et_pb_module et_pb_button_module_wrapper et_pb_button_2_wrapper preset--module--divi-button--default_wrapper\"><a class=\"et_pb_button_2 et_pb_button et_pb_bg_layout_light et_pb_module et_flex_module preset--module--divi-button--default\" href=\"\">Conoce M\u00e1s<\/a><\/div><\/div><\/div><\/div><div class=\"et_pb_section_4 et_pb_section et_section_regular et_block_section\"><div class=\"et_pb_row_5 et_pb_row et_block_row preset--module--divi-row--5138c454-be54-4233-bd3b-f8e6a8747976\"><div class=\"et_pb_column_10 et_pb_column et_pb_column_4_4 et-last-child et_block_column et_pb_css_mix_blend_mode_passthrough preset--module--divi-column--73121f80-a3ef-4484-8763-c3f18e3c56d2\"><div class=\"et_pb_heading_5 et_pb_heading et_pb_module et_flex_module preset--module--divi-heading--default\"><div class=\"et_pb_heading_container\"><h2 class=\"et_pb_module_header\">Nuestros Servicios<\/h2><\/div><\/div><\/div><\/div><div class=\"et_pb_row_6 et_pb_row et_pb_equal_columns et_block_row preset--module--divi-row--5138c454-be54-4233-bd3b-f8e6a8747976\"><div class=\"et_pb_column_11 et_pb_column et_pb_column_1_3 et_block_column et_pb_css_mix_blend_mode_passthrough preset--module--divi-column--6ee989c6-ce83-4f88-8565-5aa92b2b8c6a\"><div class=\"et_pb_blurb_0 et_pb_blurb et_pb_bg_layout_light et_pb_text_align_left et_pb_blurb_position_top et_pb_module et_flex_module preset--module--divi-blurb--212b201d-2c34-41bd-936c-851b7357d08b\"><div class=\"et_pb_blurb_content et_flex_module\"><div class=\"et_pb_main_blurb_image\"><span class=\"et_pb_image_wrap\"><span class=\"et-pb-icon et-waypoint et_pb_animation_off et_pb_animation_off_tablet et_pb_animation_off_phone\">\ue012<\/span><\/span><\/div><div class=\"et_pb_blurb_container\"><h4 class=\"et_pb_module_header\">Limpieza de Apartamentos<\/h4><div class=\"et_pb_blurb_description\"><p>Ofrecemos servicios de limpieza detallada para apartamentos, asegurando un espacio impecable y acogedor para nuestros clientes.<\/p>\n<\/div><\/div><\/div><\/div><\/div><div class=\"et_pb_column_12 et_pb_column et_pb_column_1_3 et_block_column et_pb_css_mix_blend_mode_passthrough preset--module--divi-column--6ee989c6-ce83-4f88-8565-5aa92b2b8c6a\"><div class=\"et_pb_blurb_1 et_pb_blurb et_pb_bg_layout_light et_pb_text_align_left et_pb_blurb_position_top et_pb_module et_flex_module preset--module--divi-blurb--212b201d-2c34-41bd-936c-851b7357d08b\"><div class=\"et_pb_blurb_content et_flex_module\"><div class=\"et_pb_main_blurb_image\"><span class=\"et_pb_image_wrap\"><span class=\"et-pb-icon et-waypoint et_pb_animation_off et_pb_animation_off_tablet et_pb_animation_off_phone\">\ue065<\/span><\/span><\/div><div class=\"et_pb_blurb_container\"><h4 class=\"et_pb_module_header\">Limpieza de Casas<\/h4><div class=\"et_pb_blurb_description\"><p>Nuestro equipo profesional se encarga de la limpieza profunda de su hogar, garantizando un ambiente fresco y ordenado.<\/p>\n<\/div><\/div><\/div><\/div><\/div><div class=\"et_pb_column_13 et_pb_column et_pb_column_1_3 et-last-child et_block_column et_pb_css_mix_blend_mode_passthrough preset--module--divi-column--6ee989c6-ce83-4f88-8565-5aa92b2b8c6a\"><div class=\"et_pb_blurb_2 et_pb_blurb et_pb_bg_layout_light et_pb_text_align_left et_pb_blurb_position_top et_pb_module et_flex_module preset--module--divi-blurb--212b201d-2c34-41bd-936c-851b7357d08b\"><div class=\"et_pb_blurb_content et_flex_module\"><div class=\"et_pb_main_blurb_image\"><span class=\"et_pb_image_wrap\"><span class=\"et-pb-icon et-waypoint et_pb_animation_off et_pb_animation_off_tablet et_pb_animation_off_phone\">\uf6d9<\/span><\/span><\/div><div class=\"et_pb_blurb_container\"><h4 class=\"et_pb_module_header\">Limpieza de Edificios<\/h4><div class=\"et_pb_blurb_description\"><p>Proporcionamos servicios de limpieza integrales para edificios, manteniendo \u00e1reas comunes y oficinas en perfectas condiciones.<\/p>\n<\/div><\/div><\/div><\/div><\/div><\/div><\/div><div class=\"et_pb_section_5 et_pb_section et_section_regular et_block_section\"><div class=\"et_pb_row_7 et_pb_row et_block_row preset--module--divi-row--5138c454-be54-4233-bd3b-f8e6a8747976\"><div class=\"et_pb_column_14 et_pb_column et_pb_column_4_4 et-last-child et_block_column et_pb_css_mix_blend_mode_passthrough preset--module--divi-column--73121f80-a3ef-4484-8763-c3f18e3c56d2\"><div class=\"et_pb_heading_6 et_pb_heading et_pb_module et_flex_module preset--module--divi-heading--f0c675ea-2574-4d0e-b725-30f8550a8550\"><div class=\"et_pb_heading_container\"><h4 class=\"et_pb_module_header\">Galer\u00eda de Im\u00e1genes<\/h4><\/div><\/div><div class=\"et_pb_heading_7 et_pb_heading et_pb_module et_flex_module preset--module--divi-heading--default\"><div class=\"et_pb_heading_container\"><h2 class=\"et_pb_module_header\">Nuestros Trabajos de Limpieza<\/h2><\/div><\/div><\/div><\/div><div class=\"et_pb_row_8 et_pb_row et_pb_gutters2 et_block_row preset--module--divi-row--5138c454-be54-4233-bd3b-f8e6a8747976\"><div class=\"et_pb_column_15 et_pb_column et_pb_column_1_2 et_block_column et_pb_css_mix_blend_mode_passthrough preset--module--divi-column--73121f80-a3ef-4484-8763-c3f18e3c56d2\"><div class=\"et_pb_image_1 et_pb_image et_pb_has_overlay et_pb_module et_flex_module preset--module--divi-image--6ed8fd5c-62c5-4100-98c3-7b8b6d2c2ee6\"><a href=\"https:\/\/images.unsplash.com\/photo-1652472560004-f673d74f3641?ixid=M3w1ODkyNzF8MHwxfHNlYXJjaHw0fHxjbGVhbiUyMGtpdGNoZW4lMjBpbnRlcmlvcnxlbnwwfDJ8fHwxNzcxOTcxOTAzfDA&#038;ixlib=rb-4.1.0&#038;fm=webp&#038;fit=crop&#038;crop=entropy&#038;w=800&#038;h=800&#038;q=20&#038;dpr=2\" class=\"et_pb_lightbox_image\"><span class=\"et_pb_image_wrap\"><img decoding=\"async\" src=\"https:\/\/images.unsplash.com\/photo-1652472560004-f673d74f3641?ixid=M3w1ODkyNzF8MHwxfHNlYXJjaHw0fHxjbGVhbiUyMGtpdGNoZW4lMjBpbnRlcmlvcnxlbnwwfDJ8fHwxNzcxOTcxOTAzfDA&#038;ixlib=rb-4.1.0&#038;fm=webp&#038;fit=crop&#038;crop=entropy&#038;w=800&#038;h=800&#038;q=20&#038;dpr=2\" title=\"800x800\" \/><span class=\"et_overlay\"><\/span><\/span><\/a><\/div><\/div><div class=\"et_pb_column_16 et_pb_column et_pb_column_1_2 et-last-child et_block_column et_pb_css_mix_blend_mode_passthrough preset--module--divi-column--73121f80-a3ef-4484-8763-c3f18e3c56d2\"><div class=\"et_pb_image_2 et_pb_image et_pb_has_overlay et_pb_module et_flex_module preset--module--divi-image--6ed8fd5c-62c5-4100-98c3-7b8b6d2c2ee6\"><a href=\"https:\/\/images.unsplash.com\/photo-1761673271363-6efe71f08d18?ixid=M3w1ODkyNzF8MHwxfHNlYXJjaHw5fHxzcGFya2xpbmclMjBiYXRocm9vbSUyMGRlc2lnbnxlbnwwfDJ8fHwxNzcxOTcxOTAzfDA&#038;ixlib=rb-4.1.0&#038;fm=webp&#038;fit=crop&#038;crop=entropy&#038;w=800&#038;h=800&#038;q=20&#038;dpr=2\" class=\"et_pb_lightbox_image\"><span class=\"et_pb_image_wrap\"><img decoding=\"async\" src=\"https:\/\/images.unsplash.com\/photo-1761673271363-6efe71f08d18?ixid=M3w1ODkyNzF8MHwxfHNlYXJjaHw5fHxzcGFya2xpbmclMjBiYXRocm9vbSUyMGRlc2lnbnxlbnwwfDJ8fHwxNzcxOTcxOTAzfDA&#038;ixlib=rb-4.1.0&#038;fm=webp&#038;fit=crop&#038;crop=entropy&#038;w=800&#038;h=800&#038;q=20&#038;dpr=2\" title=\"800x800\" \/><span class=\"et_overlay\"><\/span><\/span><\/a><\/div><\/div><\/div><div class=\"et_pb_row_9 et_pb_row et_pb_gutters2 et_block_row preset--module--divi-row--5138c454-be54-4233-bd3b-f8e6a8747976\"><div class=\"et_pb_column_17 et_pb_column et_pb_column_1_2 et_block_column et_pb_css_mix_blend_mode_passthrough preset--module--divi-column--73121f80-a3ef-4484-8763-c3f18e3c56d2\"><div class=\"et_pb_image_3 et_pb_image et_pb_has_overlay et_pb_module et_flex_module preset--module--divi-image--6ed8fd5c-62c5-4100-98c3-7b8b6d2c2ee6\"><a href=\"https:\/\/images.unsplash.com\/photo-1749705319317-f9a2bf24fe3d?ixid=M3w1ODkyNzF8MHwxfHNlYXJjaHwxfHx0aWR5JTIwbGl2aW5nJTIwcm9vbSUyMHNwYWNlfGVufDB8Mnx8fDE3NzE5NzE5MDN8MA&#038;ixlib=rb-4.1.0&#038;fm=webp&#038;fit=crop&#038;crop=entropy&#038;w=800&#038;h=800&#038;q=20&#038;dpr=2\" class=\"et_pb_lightbox_image\"><span class=\"et_pb_image_wrap\"><img decoding=\"async\" src=\"https:\/\/images.unsplash.com\/photo-1749705319317-f9a2bf24fe3d?ixid=M3w1ODkyNzF8MHwxfHNlYXJjaHwxfHx0aWR5JTIwbGl2aW5nJTIwcm9vbSUyMHNwYWNlfGVufDB8Mnx8fDE3NzE5NzE5MDN8MA&#038;ixlib=rb-4.1.0&#038;fm=webp&#038;fit=crop&#038;crop=entropy&#038;w=800&#038;h=800&#038;q=20&#038;dpr=2\" title=\"800x800\" \/><span class=\"et_overlay\"><\/span><\/span><\/a><\/div><\/div><div class=\"et_pb_column_18 et_pb_column et_pb_column_1_2 et-last-child et_block_column et_pb_css_mix_blend_mode_passthrough preset--module--divi-column--73121f80-a3ef-4484-8763-c3f18e3c56d2\"><div class=\"et_pb_image_4 et_pb_image et_pb_has_overlay et_pb_module et_flex_module preset--module--divi-image--6ed8fd5c-62c5-4100-98c3-7b8b6d2c2ee6\"><a href=\"https:\/\/images.unsplash.com\/photo-1764743111075-fb988af9ed75?ixid=M3w1ODkyNzF8MHwxfHNlYXJjaHw1fHxvcmdhbml6ZWQlMjBvZmZpY2UlMjB3b3Jrc3BhY2V8ZW58MHwyfHx8MTc3MTk3MTkwM3ww&#038;ixlib=rb-4.1.0&#038;fm=webp&#038;fit=crop&#038;crop=entropy&#038;w=800&#038;h=800&#038;q=20&#038;dpr=2\" class=\"et_pb_lightbox_image\"><span class=\"et_pb_image_wrap\"><img decoding=\"async\" src=\"https:\/\/images.unsplash.com\/photo-1764743111075-fb988af9ed75?ixid=M3w1ODkyNzF8MHwxfHNlYXJjaHw1fHxvcmdhbml6ZWQlMjBvZmZpY2UlMjB3b3Jrc3BhY2V8ZW58MHwyfHx8MTc3MTk3MTkwM3ww&#038;ixlib=rb-4.1.0&#038;fm=webp&#038;fit=crop&#038;crop=entropy&#038;w=800&#038;h=800&#038;q=20&#038;dpr=2\" title=\"800x800\" \/><span class=\"et_overlay\"><\/span><\/span><\/a><\/div><\/div><\/div><\/div><div class=\"et_pb_section_6 et_pb_section et_section_regular et_block_section\"><div class=\"et_pb_row_10 et_pb_row et_block_row preset--module--divi-row--5138c454-be54-4233-bd3b-f8e6a8747976\"><div class=\"et_pb_column_19 et_pb_column et_pb_column_2_5 et_block_column et_pb_css_mix_blend_mode_passthrough preset--module--divi-column--73121f80-a3ef-4484-8763-c3f18e3c56d2\"><div class=\"et_pb_heading_8 et_pb_heading et_pb_module et_flex_module preset--module--divi-heading--default\"><div class=\"et_pb_heading_container\"><h2 class=\"et_pb_module_header\">Cont\u00e1ctanos<\/h2><\/div><\/div><div class=\"et_pb_heading_9 et_pb_heading et_pb_module et_flex_module ai_ignore_all preset--module--divi-heading--a3805066-8711-43c7-9f62-5782da0e9f7a\"><div class=\"et_pb_heading_container\"><h5 class=\"et_pb_module_header\">Phone<\/h5><\/div><\/div><div class=\"et_pb_text_6 et_pb_text et_pb_bg_layout_light et_pb_module et_flex_module ai_ignore_all preset--module--divi-text--default\"><div class=\"et_pb_text_inner\"><p>(123) 456-7890<\/p>\n<\/div><\/div><div class=\"et_pb_heading_10 et_pb_heading et_pb_module et_flex_module ai_ignore_all preset--module--divi-heading--a3805066-8711-43c7-9f62-5782da0e9f7a\"><div class=\"et_pb_heading_container\"><h5 class=\"et_pb_module_header\">Address<\/h5><\/div><\/div><div class=\"et_pb_text_7 et_pb_text et_pb_bg_layout_light et_pb_module et_flex_module ai_ignore_all preset--module--divi-text--default\"><div class=\"et_pb_text_inner\"><p>Av. Limpieza 456, Suite 200, Ciudad Limpia, CA 12345<\/p>\n<\/div><\/div><\/div><div class=\"et_pb_column_20 et_pb_column et_pb_column_3_5 et-last-child et_block_column et_pb_css_mix_blend_mode_passthrough preset--module--divi-column--73121f80-a3ef-4484-8763-c3f18e3c56d2\"><div class=\"et_pb_contact_form_0 et_pb_contact_form_container clearfix et_pb_module et_flex_module preset--module--divi-contact-form--default\" data-form_unique_num=\"0\" data-form_unique_id=\"99e3d2c7-c1a2-4f0a-8a94-3dbbf093b402\" id=\"et_pb_contact_form_99e3d2c7-c1a2-4f0a-8a94-3dbbf093b402\"><div class=\"et-pb-contact-message\"><\/div><div class=\"et_pb_contact\"><form class=\"et_pb_contact_form et_flex_module\" method=\"post\" action=\"https:\/\/isadellcleaningservices.com\/en\/wp-json\/wp\/v2\/pages\/15\" data-trp-original-action=\"https:\/\/isadellcleaningservices.com\/en\/wp-json\/wp\/v2\/pages\/15\"><div class=\"et_pb_contact_field_0 et_pb_contact_field et_pb_module et_flex_module et_flex_column_24_24 et_flex_column_24_24_tablet et_flex_column_24_24_phone\" data-id=\"name\" data-type=\"input\"><label class=\"et_pb_contact_form_label\" for=\"et_pb_contact_0_name_0\">Name<\/label><input type=\"text\" name=\"et_pb_contact_0_name_0\" id=\"et_pb_contact_0_name_0\" class=\"input\" data-required_mark=\"required\" data-field_type=\"input\" data-original_id=\"name\" placeholder=\"Name\" title=\"\" value=\"\" \/><\/div><div class=\"et_pb_contact_field_1 et_pb_contact_field et_pb_module et_flex_module et_flex_column_24_24 et_flex_column_24_24_tablet et_flex_column_24_24_phone\" data-id=\"email\" data-type=\"email\"><label class=\"et_pb_contact_form_label\" for=\"et_pb_contact_0_email_1\">Email Address<\/label><input type=\"text\" name=\"et_pb_contact_0_email_1\" id=\"et_pb_contact_0_email_1\" class=\"input\" data-required_mark=\"required\" data-field_type=\"email\" data-original_id=\"email\" placeholder=\"Email Address\" title=\"\" value=\"\" \/><\/div><div class=\"et_pb_contact_field_2 et_pb_contact_field et_pb_module et_flex_module et_flex_column_24_24 et_flex_column_24_24_tablet et_flex_column_24_24_phone\" data-id=\"message\" data-type=\"text\"><label class=\"et_pb_contact_form_label\" for=\"et_pb_contact_0_message_2\">Message<\/label><textarea name=\"et_pb_contact_0_message_2\" id=\"et_pb_contact_0_message_2\" class=\"et_pb_contact_message input\" data-required_mark=\"required\" data-field_type=\"text\" data-original_id=\"message\" placeholder=\"Message\"><\/textarea><\/div><input type=\"hidden\" name=\"et_pb_contactform_submit_99e3d2c7-c1a2-4f0a-8a94-3dbbf093b402\" value=\"et_contact_proccess\" \/><div class=\"et_contact_bottom_container\"><div class=\"et_pb_button_wrapper\"><button type=\"submit\" name=\"et_builder_submit_button\" class=\"et_pb_button et_pb_contact_submit\">Submit<\/button><\/div><\/div><input type=\"hidden\" id=\"_wpnonce-et-pb-contact-form-submitted-99e3d2c7-c1a2-4f0a-8a94-3dbbf093b402\" name=\"_wpnonce-et-pb-contact-form-submitted-99e3d2c7-c1a2-4f0a-8a94-3dbbf093b402\" value=\"5174d0a9b4\" \/><input type=\"hidden\" name=\"_wp_http_referer\" value=\"\/en\/wp-json\/wp\/v2\/pages\/15\" \/><input type=\"hidden\" name=\"trp-form-language\" value=\"en\"\/><\/form><\/div><\/div><\/div><\/div><div class=\"et_pb_row_11 et_pb_row et_block_row preset--module--divi-row--5138c454-be54-4233-bd3b-f8e6a8747976\"><div class=\"et_pb_column_21 et_pb_column et_pb_column_4_4 et-last-child et_block_column et_pb_css_mix_blend_mode_passthrough preset--module--divi-column--73121f80-a3ef-4484-8763-c3f18e3c56d2\"><div class=\"et_pb_map_0 et_pb_map_container et_pb_module et_flex_module preset--module--divi-map--cd8f1724-2b5a-40d1-9046-79407aad530a\" data-grayscale=\"\"><div class=\"et_pb_map\" data-center-lat=\"37.7749295\" data-center-lng=\"-122.4194155\" data-zoom=\"18\" data-mouse-wheel=\"off\" data-mobile-dragging=\"on\"><\/div><div class=\"et_pb_map_pin_0 et_pb_map_pin\" data-lat=\"37.7749295\" data-lng=\"-122.4194155\" data-title=\"\"><\/div><\/div><\/div><\/div><\/div>","protected":false},"excerpt":{"rendered":"","protected":false},"author":1,"featured_media":0,"parent":0,"menu_order":0,"comment_status":"closed","ping_status":"closed","template":"","meta":{"footnotes":""},"class_list":["post-15","page","type-page","status-publish","hentry"],"_links":{"self":[{"href":"https:\/\/isadellcleaningservices.com\/en\/wp-json\/wp\/v2\/pages\/15","targetHints":{"allow":["GET"]}}],"collection":[{"href":"https:\/\/isadellcleaningservices.com\/en\/wp-json\/wp\/v2\/pages"}],"about":[{"href":"https:\/\/isadellcleaningservices.com\/en\/wp-json\/wp\/v2\/types\/page"}],"author":[{"embeddable":true,"href":"https:\/\/isadellcleaningservices.com\/en\/wp-json\/wp\/v2\/users\/1"}],"replies":[{"embeddable":true,"href":"https:\/\/isadellcleaningservices.com\/en\/wp-json\/wp\/v2\/comments?post=15"}],"version-history":[{"count":1,"href":"https:\/\/isadellcleaningservices.com\/en\/wp-json\/wp\/v2\/pages\/15\/revisions"}],"predecessor-version":[{"id":30,"href":"https:\/\/isadellcleaningservices.com\/en\/wp-json\/wp\/v2\/pages\/15\/revisions\/30"}],"wp:attachment":[{"href":"https:\/\/isadellcleaningservices.com\/en\/wp-json\/wp\/v2\/media?parent=15"}],"curies":[{"name":"wp","href":"https:\/\/api.w.org\/{rel}","templated":true}]}}