{"id":13,"date":"2026-02-24T22:26:04","date_gmt":"2026-02-24T22:26:04","guid":{"rendered":"https:\/\/isadellcleaningservices.com\/?page_id=13"},"modified":"2026-02-24T22:26:04","modified_gmt":"2026-02-24T22:26:04","slug":"sobrenosotros","status":"publish","type":"page","link":"https:\/\/isadellcleaningservices.com\/en\/sobrenosotros\/","title":{"rendered":"SobreNosotros"},"content":{"rendered":"<div class=\"et_pb_section_0 et_pb_section et_section_regular et_block_section\"><div class=\"et_pb_row_0 et_pb_row et_block_row preset--module--divi-row--5138c454-be54-4233-bd3b-f8e6a8747976\"><div class=\"et_pb_column_0 et_pb_column et_pb_column_1_2 et_block_column et_pb_css_mix_blend_mode_passthrough preset--module--divi-column--73121f80-a3ef-4484-8763-c3f18e3c56d2\"><div class=\"et_pb_heading_0 et_pb_heading et_pb_module et_flex_module preset--module--divi-heading--f0c675ea-2574-4d0e-b725-30f8550a8550\"><div class=\"et_pb_heading_container\"><h4 class=\"et_pb_module_header\">Descubre la Excelencia en Limpieza<\/h4><\/div><\/div><div class=\"et_pb_heading_1 et_pb_heading et_pb_module et_flex_module preset--module--divi-heading--ddeb8c09-9078-4424-bc15-2efb6572e28e\"><div class=\"et_pb_heading_container\"><h1 class=\"et_pb_module_header\">Isadell Cleaning Services: Compromiso y Calidad<\/h1><\/div><\/div><div class=\"et_pb_text_0 et_pb_text et_pb_bg_layout_light et_pb_module et_flex_module preset--module--divi-text--default\"><div class=\"et_pb_text_inner\"><p>En Isadell Cleaning Services, transformamos espacios con dedicaci\u00f3n y profesionalismo, asegurando un ambiente impecable para tu hogar o negocio.<\/p>\n<\/div><\/div><div class=\"et_pb_module et_pb_button_module_wrapper et_pb_button_0_wrapper preset--module--divi-button--default_wrapper\"><a class=\"et_pb_button_0 et_pb_button et_pb_bg_layout_light et_pb_module et_flex_module preset--module--divi-button--default\" href=\"\">Con\u00f3cenos M\u00e1s<\/a><\/div><\/div><div class=\"et_pb_column_1 et_pb_column et_pb_column_1_2 et-last-child et_block_column et_pb_css_mix_blend_mode_passthrough preset--module--divi-column--73121f80-a3ef-4484-8763-c3f18e3c56d2\"><div class=\"et_pb_image_0 et_pb_image et_pb_module et_flex_module preset--module--divi-image--1cc6152f-565c-4c4d-b0c9-cf8c9576c341\"><span class=\"et_pb_image_wrap\"><img decoding=\"async\" src=\"https:\/\/images.unsplash.com\/photo-1585128792020-803d29415281?ixid=M3w1ODkyNzF8MHwxfHNlYXJjaHw3fHxicmlnaHQlMjBhcGFydG1lbnQlMjBpbnRlcmlvcnxlbnwwfDF8fHwxNzcxOTcxODQ4fDA&#038;ixlib=rb-4.1.0&#038;fm=webp&#038;fit=crop&#038;crop=entropy&#038;w=800&#038;h=1080&#038;q=20&#038;dpr=2\" title=\"800x1080\" \/><\/span><\/div><\/div><\/div><\/div><div class=\"et_pb_section_1 et_pb_section et_section_regular et_block_section\"><div class=\"et_pb_row_1 et_pb_row et_block_row\"><div class=\"et_pb_column_2 et_pb_column et_pb_column_4_4 et-last-child et_block_column et_pb_css_mix_blend_mode_passthrough\"><div class=\"et_pb_heading_2 et_pb_heading et_pb_module et_flex_module preset--module--divi-heading--default\"><div class=\"et_pb_heading_container\"><h2 class=\"et_pb_module_header\">Nuestra Historia<\/h2><\/div><\/div><div class=\"et_pb_text_1 et_pb_text et_pb_bg_layout_light et_pb_module et_flex_module et_pb_text_align_center preset--module--divi-text--default\"><div class=\"et_pb_text_inner\"><p>Isadell Cleaning Services naci\u00f3 de la pasi\u00f3n por ofrecer un servicio de limpieza excepcional. Fundada en 2010, nuestra empresa se ha dedicado a proporcionar soluciones de limpieza personalizadas que superan las expectativas de nuestros clientes. Inspirados por la necesidad de un servicio confiable y detallista, hemos crecido gracias a la confianza y satisfacci\u00f3n de quienes nos eligen.<\/p>\n<\/div><\/div><div class=\"et_pb_image_1 et_pb_image et_pb_module et_flex_module preset--module--divi-image--default\"><span class=\"et_pb_image_wrap\"><img decoding=\"async\" src=\"https:\/\/images.unsplash.com\/photo-1581166418878-11f0dde922c2?ixid=M3w1ODkyNzF8MHwxfHNlYXJjaHwyfHxjbGVhbmluZyUyMHRvb2xzJTIwc2V0dXB8ZW58MHwwfHx8MTc3MTk3MTg0OHww&#038;ixlib=rb-4.1.0&#038;fm=webp&#038;fit=crop&#038;crop=entropy&#038;w=1080&#038;h=600&#038;q=20&#038;dpr=2\" title=\"1080x600\" \/><\/span><\/div><\/div><\/div><\/div><div class=\"et_pb_section_2 et_pb_section et_section_regular et_block_section\"><div class=\"et_pb_row_2 et_pb_row et_block_row preset--module--divi-row--5138c454-be54-4233-bd3b-f8e6a8747976\"><div class=\"et_pb_column_3 et_pb_column et_pb_column_1_3 et_block_column et_pb_css_mix_blend_mode_passthrough preset--module--divi-column--73121f80-a3ef-4484-8763-c3f18e3c56d2\"><div class=\"et_pb_heading_3 et_pb_heading et_pb_module et_flex_module preset--module--divi-heading--f0c675ea-2574-4d0e-b725-30f8550a8550\"><div class=\"et_pb_heading_container\"><h4 class=\"et_pb_module_header\">Nuestra Misi\u00f3n<\/h4><\/div><\/div><\/div><div class=\"et_pb_column_4 et_pb_column et_pb_column_2_3 et-last-child et_block_column et_pb_css_mix_blend_mode_passthrough preset--module--divi-column--73121f80-a3ef-4484-8763-c3f18e3c56d2\"><div class=\"et_pb_heading_4 et_pb_heading et_pb_module et_flex_module preset--module--divi-heading--ba4a6336-701f-47b8-bf5c-09da0ce28016\"><div class=\"et_pb_heading_container\"><h3 class=\"et_pb_module_header\">Compromiso con la Limpieza<\/h3><\/div><\/div><\/div><\/div><div class=\"et_pb_row_3 et_pb_row et_block_row preset--module--divi-row--5138c454-be54-4233-bd3b-f8e6a8747976\"><div class=\"et_pb_column_5 et_pb_column et_pb_column_1_3 et_block_column et_pb_column_empty et_pb_css_mix_blend_mode_passthrough preset--module--divi-column--73121f80-a3ef-4484-8763-c3f18e3c56d2\"><\/div><div class=\"et_pb_column_6 et_pb_column et_pb_column_2_3 et-last-child et_block_column et_pb_css_mix_blend_mode_passthrough preset--module--divi-column--73121f80-a3ef-4484-8763-c3f18e3c56d2\"><div class=\"et_pb_text_2 et_pb_text et_pb_bg_layout_light et_pb_module et_flex_module preset--module--divi-text--default\"><div class=\"et_pb_text_inner\"><p>La misi\u00f3n de Isadell Cleaning Services es redefinir el est\u00e1ndar de limpieza en el sector. Nos esforzamos por ofrecer un servicio que no solo limpie, sino que tambi\u00e9n mejore la calidad de vida de nuestros clientes. A trav\u00e9s de pr\u00e1cticas sostenibles y un enfoque centrado en el cliente, buscamos ser l\u00edderes en innovaci\u00f3n y satisfacci\u00f3n en el mundo de la limpieza.<\/p>\n<\/div><\/div><\/div><\/div><\/div><div class=\"et_pb_section_3 et_pb_section et_section_regular et_block_section\"><div class=\"et_pb_row_4 et_pb_row et_block_row preset--module--divi-row--5138c454-be54-4233-bd3b-f8e6a8747976\"><div class=\"et_pb_column_7 et_pb_column et_pb_column_2_3 et_block_column et_pb_css_mix_blend_mode_passthrough preset--module--divi-column--73121f80-a3ef-4484-8763-c3f18e3c56d2\"><div class=\"et_pb_heading_5 et_pb_heading et_pb_module et_flex_module preset--module--divi-heading--f0c675ea-2574-4d0e-b725-30f8550a8550\"><div class=\"et_pb_heading_container\"><h4 class=\"et_pb_module_header\">Nuestra Visi\u00f3n<\/h4><\/div><\/div><div class=\"et_pb_heading_6 et_pb_heading et_pb_module et_flex_module preset--module--divi-heading--default\"><div class=\"et_pb_heading_container\"><h2 class=\"et_pb_module_header\">Proyecci\u00f3n Futura de Isadell<\/h2><\/div><\/div><div class=\"et_pb_text_3 et_pb_text et_pb_bg_layout_light et_pb_module et_flex_module preset--module--divi-text--0504de1e-f5ff-4281-ba60-cbbe4edf98bc\"><div class=\"et_pb_text_inner\"><p>En Isadell Cleaning Services, nuestra visi\u00f3n es convertirnos en l\u00edderes del sector de limpieza, reconocidos por nuestra innovaci\u00f3n y compromiso con la excelencia. Imaginamos un futuro donde nuestros servicios no solo embellecen espacios, sino que tambi\u00e9n contribuyen a un entorno m\u00e1s saludable y sostenible. Aspiramos a expandir nuestra presencia a nivel nacional, manteniendo siempre la calidad y la satisfacci\u00f3n del cliente como nuestras principales prioridades.<\/p>\n<\/div><\/div><\/div><div class=\"et_pb_column_8 et_pb_column et_pb_column_1_3 et-last-child et_block_column et_pb_column_empty et_pb_css_mix_blend_mode_passthrough preset--module--divi-column--73121f80-a3ef-4484-8763-c3f18e3c56d2\"><\/div><\/div><div class=\"et_pb_row_5 et_pb_row et_block_row preset--module--divi-row--5138c454-be54-4233-bd3b-f8e6a8747976\"><div class=\"et_pb_column_9 et_pb_column et_pb_column_1_3 et_block_column et_pb_column_empty et_pb_css_mix_blend_mode_passthrough preset--module--divi-column--73121f80-a3ef-4484-8763-c3f18e3c56d2\"><\/div><div class=\"et_pb_column_10 et_pb_column et_pb_column_1_3 et_block_column et_pb_css_mix_blend_mode_passthrough preset--module--divi-column--73121f80-a3ef-4484-8763-c3f18e3c56d2\"><div class=\"et_pb_text_4 et_pb_text et_pb_bg_layout_dark et_pb_module et_flex_module preset--module--divi-text--0504de1e-f5ff-4281-ba60-cbbe4edf98bc\"><div class=\"et_pb_text_inner\"><p>Nos esforzamos por ser pioneros en la implementaci\u00f3n de tecnolog\u00edas ecol\u00f3gicas que minimicen el impacto ambiental, asegurando que cada espacio que atendemos no solo brille, sino que tambi\u00e9n respete el planeta.<\/p>\n<\/div><\/div><\/div><div class=\"et_pb_column_11 et_pb_column et_pb_column_1_3 et-last-child et_block_column et_pb_css_mix_blend_mode_passthrough preset--module--divi-column--73121f80-a3ef-4484-8763-c3f18e3c56d2\"><div class=\"et_pb_heading_7 et_pb_heading et_pb_module et_flex_module preset--module--divi-heading--a3805066-8711-43c7-9f62-5782da0e9f7a\"><div class=\"et_pb_heading_container\"><h5 class=\"et_pb_module_header\">Compromiso con el Futuro<\/h5><\/div><\/div><\/div><\/div><\/div><div class=\"et_pb_section_4 et_pb_section et_section_regular et_block_section\"><div class=\"et_pb_row_6 et_pb_row et_block_row preset--module--divi-row--333b8a65-5730-490d-b80e-51611171c668\"><div class=\"et_pb_column_12 et_pb_column et_pb_column_3_5 et_block_column et_pb_css_mix_blend_mode_passthrough preset--module--divi-column--73121f80-a3ef-4484-8763-c3f18e3c56d2\"><div class=\"et_pb_heading_8 et_pb_heading et_pb_module et_flex_module preset--module--divi-heading--default\"><div class=\"et_pb_heading_container\"><h2 class=\"et_pb_module_header\">Nuestros Valores<\/h2><\/div><\/div><\/div><div class=\"et_pb_column_13 et_pb_column et_pb_column_2_5 et-last-child et_block_column et_pb_css_mix_blend_mode_passthrough preset--module--divi-column--73121f80-a3ef-4484-8763-c3f18e3c56d2\"><div class=\"et_pb_text_5 et_pb_text et_pb_bg_layout_light et_pb_module et_flex_module preset--module--divi-text--0504de1e-f5ff-4281-ba60-cbbe4edf98bc\"><div class=\"et_pb_text_inner\"><p>En Isadell Cleaning Services, nuestros valores fundamentales son la integridad, la responsabilidad y la innovaci\u00f3n. Creemos firmemente en actuar con honestidad y transparencia en todas nuestras interacciones, asegurando que cada cliente reciba un servicio confiable y de alta calidad.<\/p>\n<p>La responsabilidad es clave en nuestra operaci\u00f3n diaria; nos comprometemos a cumplir con nuestras promesas y a superar las expectativas de nuestros clientes. Adem\u00e1s, fomentamos un ambiente de innovaci\u00f3n continua, buscando siempre nuevas formas de mejorar nuestros procesos y servicios para ofrecer lo mejor a nuestros clientes.<\/p>\n<\/div><\/div><\/div><\/div><\/div><div class=\"et_pb_section_5 et_pb_section et_section_regular et_block_section\"><div class=\"et_pb_row_7 et_pb_row et_block_row preset--module--divi-row--5138c454-be54-4233-bd3b-f8e6a8747976\"><div class=\"et_pb_column_14 et_pb_column et_pb_column_4_4 et-last-child et_block_column et_pb_css_mix_blend_mode_passthrough preset--module--divi-column--73121f80-a3ef-4484-8763-c3f18e3c56d2\"><div class=\"et_pb_heading_9 et_pb_heading et_pb_module et_flex_module preset--module--divi-heading--default\"><div class=\"et_pb_heading_container\"><h2 class=\"et_pb_module_header\">Conoce a Nuestro Equipo<\/h2><\/div><\/div><div class=\"et_pb_text_6 et_pb_text et_pb_bg_layout_light et_pb_module et_flex_module et_pb_text_align_center preset--module--divi-text--default\"><div class=\"et_pb_text_inner\"><p>En Isadell Cleaning Services, contamos con un equipo de profesionales dedicados y apasionados por su trabajo. Cada miembro aporta una experiencia \u00fanica que enriquece nuestra capacidad para ofrecer servicios excepcionales.<\/p>\n<\/div><\/div><\/div><\/div><div class=\"et_pb_row_8 et_pb_row et_pb_row_4col et_block_row et_block_row_4col preset--module--divi-row--5138c454-be54-4233-bd3b-f8e6a8747976\"><div class=\"et_pb_column_15 et_pb_column et_pb_column_1_4 et_block_column et_pb_css_mix_blend_mode_passthrough preset--module--divi-column--73121f80-a3ef-4484-8763-c3f18e3c56d2\"><div class=\"et_pb_team_member_0 et_pb_team_member et_pb_bg_layout_light et_pb_text_align_center et_pb_module et_block_module preset--module--divi-team-member--b841941a-5107-496a-8886-22612388dd4e\"><div class=\"et_pb_team_member_image et-waypoint et_pb_animation_off\"><img decoding=\"async\" src=\"https:\/\/isadellcleaningservices.com\/wp-content\/uploads\/2026\/02\/new-portrait-6-800x800-1-800x800.jpg\" alt=\"Ana L\u00f3pez\" \/><\/div><div class=\"et_pb_team_member_description\"><h5 class=\"et_pb_module_header\">Ana L\u00f3pez<\/h5><p class=\"et_pb_member_position\">Gerente de Operaciones<\/p><\/div><\/div><\/div><div class=\"et_pb_column_16 et_pb_column et_pb_column_1_4 et_block_column et_pb_css_mix_blend_mode_passthrough preset--module--divi-column--73121f80-a3ef-4484-8763-c3f18e3c56d2\"><div class=\"et_pb_team_member_1 et_pb_team_member et_pb_bg_layout_light et_pb_text_align_center et_pb_module et_block_module preset--module--divi-team-member--b841941a-5107-496a-8886-22612388dd4e\"><div class=\"et_pb_team_member_image et-waypoint et_pb_animation_off\"><img decoding=\"async\" src=\"https:\/\/isadellcleaningservices.com\/wp-content\/uploads\/2026\/02\/new-portrait-5-800x800-1-800x800.jpg\" alt=\"Carlos Mart\u00ednez\" \/><\/div><div class=\"et_pb_team_member_description\"><h5 class=\"et_pb_module_header\">Carlos Mart\u00ednez<\/h5><p class=\"et_pb_member_position\">Supervisor de Limpieza<\/p><\/div><\/div><\/div><div class=\"et_pb_column_17 et_pb_column et_pb_column_1_4 et_block_column et_pb_css_mix_blend_mode_passthrough preset--module--divi-column--73121f80-a3ef-4484-8763-c3f18e3c56d2\"><div class=\"et_pb_team_member_2 et_pb_team_member et_pb_bg_layout_light et_pb_text_align_center et_pb_module et_block_module preset--module--divi-team-member--b841941a-5107-496a-8886-22612388dd4e\"><div class=\"et_pb_team_member_image et-waypoint et_pb_animation_off\"><img decoding=\"async\" src=\"https:\/\/isadellcleaningservices.com\/wp-content\/uploads\/2026\/02\/new-portrait-4-800x800-1-800x800.jpg\" alt=\"Mar\u00eda Gonz\u00e1lez\" \/><\/div><div class=\"et_pb_team_member_description\"><h5 class=\"et_pb_module_header\">Mar\u00eda Gonz\u00e1lez<\/h5><p class=\"et_pb_member_position\">Especialista en Higiene<\/p><\/div><\/div><\/div><div class=\"et_pb_column_18 et_pb_column et_pb_column_1_4 et-last-child et_block_column et_pb_css_mix_blend_mode_passthrough preset--module--divi-column--73121f80-a3ef-4484-8763-c3f18e3c56d2\"><div class=\"et_pb_team_member_3 et_pb_team_member et_pb_bg_layout_light et_pb_text_align_center et_pb_module et_block_module preset--module--divi-team-member--b841941a-5107-496a-8886-22612388dd4e\"><div class=\"et_pb_team_member_image et-waypoint et_pb_animation_off\"><img decoding=\"async\" src=\"https:\/\/isadellcleaningservices.com\/wp-content\/uploads\/2026\/02\/new-portrait-2-800x800-1-800x800.jpg\" alt=\"Javier Torres\" \/><\/div><div class=\"et_pb_team_member_description\"><h5 class=\"et_pb_module_header\">Javier Torres<\/h5><p class=\"et_pb_member_position\">Coordinador de Proyectos<\/p><\/div><\/div><\/div><\/div><\/div><div class=\"et_pb_section_6 et_pb_section et_section_regular et_block_section\"><div class=\"et_pb_row_9 et_pb_row et_block_row preset--module--divi-row--5138c454-be54-4233-bd3b-f8e6a8747976\"><div class=\"et_pb_column_19 et_pb_column et_pb_column_3_5 et_block_column et_pb_css_mix_blend_mode_passthrough preset--module--divi-column--73121f80-a3ef-4484-8763-c3f18e3c56d2\"><div class=\"et_pb_heading_10 et_pb_heading et_pb_module et_flex_module preset--module--divi-heading--f0c675ea-2574-4d0e-b725-30f8550a8550\"><div class=\"et_pb_heading_container\"><h4 class=\"et_pb_module_header\">Nuestra Diferencia<\/h4><\/div><\/div><div class=\"et_pb_heading_11 et_pb_heading et_pb_module et_flex_module preset--module--divi-heading--default\"><div class=\"et_pb_heading_container\"><h2 class=\"et_pb_module_header\">Por Qu\u00e9 Elegirnos<\/h2><\/div><\/div><\/div><div class=\"et_pb_column_20 et_pb_column et_pb_column_2_5 et-last-child et_block_column et_pb_css_mix_blend_mode_passthrough preset--module--divi-column--73121f80-a3ef-4484-8763-c3f18e3c56d2\"><div class=\"et_pb_text_7 et_pb_text et_pb_bg_layout_light et_pb_module et_flex_module preset--module--divi-text--default\"><div class=\"et_pb_text_inner\"><p>En Isadell Cleaning Services, nos destacamos por nuestro compromiso con la excelencia y la atenci\u00f3n al detalle. Utilizamos productos ecol\u00f3gicos que no solo limpian eficazmente, sino que tambi\u00e9n cuidan del medio ambiente. Nuestro equipo est\u00e1 altamente capacitado y se dedica a proporcionar un servicio personalizado que se adapta a las necesidades espec\u00edficas de cada cliente. Adem\u00e1s, nuestra tecnolog\u00eda avanzada nos permite ofrecer soluciones de limpieza innovadoras y eficientes, asegurando la m\u00e1xima satisfacci\u00f3n de nuestros clientes.<\/p>\n<\/div><\/div><\/div><\/div><\/div><div class=\"et_pb_section_7 et_pb_section et_section_regular et_block_section et_pb_section_parallax\"><span class=\"et-pb-parallax-wrapper\"><span class=\"et-pb-parallax-background et-pb-parallax-background-module--divi-section-7\" style=\"background-image:url(https:\/\/images.unsplash.com\/photo-1702961891852-6991bebff76b?ixid=M3w1ODkyNzF8MHwxfHNlYXJjaHwzfHxmcmllbmRseSUyMHNlcnZpY2UlMjBpbnRlcmFjdGlvbnxlbnwwfDB8fHwxNzcxOTcxODQ4fDA&#038;ixlib=rb-4.1.0&#038;fm=webp&#038;fit=crop&#038;crop=entropy&#038;w=1920&#038;h=1080&#038;q=20&#038;dpr=2)\"><\/span><span class=\"et_parallax_gradient\" style=\"background-image:linear-gradient(180deg, rgba(0,0,0,0.5) 0%,rgba(0,0,0,0.75) 100% 100%)\"><\/span><\/span><div class=\"et_pb_row_10 et_pb_row et_block_row preset--module--divi-row--5138c454-be54-4233-bd3b-f8e6a8747976\"><div class=\"et_pb_column_21 et_pb_column et_pb_column_4_4 et-last-child et_block_column et_pb_css_mix_blend_mode_passthrough preset--module--divi-column--73121f80-a3ef-4484-8763-c3f18e3c56d2\"><div class=\"et_pb_heading_12 et_pb_heading et_pb_module et_flex_module preset--module--divi-heading--default\"><div class=\"et_pb_heading_container\"><h2 class=\"et_pb_module_header\">Cont\u00e1ctanos Hoy<\/h2><\/div><\/div><div class=\"et_pb_text_8 et_pb_text et_pb_bg_layout_light et_pb_module et_flex_module et_pb_text_align_center preset--module--divi-text--0504de1e-f5ff-4281-ba60-cbbe4edf98bc\"><div class=\"et_pb_text_inner\"><p>\u00bfListo para experimentar un servicio de limpieza superior? Nuestro equipo est\u00e1 aqu\u00ed para responder cualquier pregunta y ayudarte a elegir el servicio que mejor se adapte a tus necesidades. No dudes en ponerte en contacto con nosotros para obtener m\u00e1s informaci\u00f3n o para programar una cita. Estamos ansiosos por trabajar contigo y demostrar por qu\u00e9 somos la mejor opci\u00f3n en el sector de limpieza.<\/p>\n<\/div><\/div><div class=\"et_pb_module et_pb_button_module_wrapper et_pb_button_1_wrapper preset--module--divi-button--ab15fb74-61a3-43aa-96b3-41e09aeef654_wrapper\"><a class=\"et_pb_button_1 et_pb_button et_pb_bg_layout_light et_pb_module et_flex_module preset--module--divi-button--ab15fb74-61a3-43aa-96b3-41e09aeef654\" href=\"\">Solicitar Informaci\u00f3n<\/a><\/div><\/div><\/div><\/div>","protected":false},"excerpt":{"rendered":"","protected":false},"author":1,"featured_media":0,"parent":0,"menu_order":0,"comment_status":"closed","ping_status":"closed","template":"","meta":{"footnotes":""},"class_list":["post-13","page","type-page","status-publish","hentry"],"_links":{"self":[{"href":"https:\/\/isadellcleaningservices.com\/en\/wp-json\/wp\/v2\/pages\/13","targetHints":{"allow":["GET"]}}],"collection":[{"href":"https:\/\/isadellcleaningservices.com\/en\/wp-json\/wp\/v2\/pages"}],"about":[{"href":"https:\/\/isadellcleaningservices.com\/en\/wp-json\/wp\/v2\/types\/page"}],"author":[{"embeddable":true,"href":"https:\/\/isadellcleaningservices.com\/en\/wp-json\/wp\/v2\/users\/1"}],"replies":[{"embeddable":true,"href":"https:\/\/isadellcleaningservices.com\/en\/wp-json\/wp\/v2\/comments?post=13"}],"version-history":[{"count":1,"href":"https:\/\/isadellcleaningservices.com\/en\/wp-json\/wp\/v2\/pages\/13\/revisions"}],"predecessor-version":[{"id":29,"href":"https:\/\/isadellcleaningservices.com\/en\/wp-json\/wp\/v2\/pages\/13\/revisions\/29"}],"wp:attachment":[{"href":"https:\/\/isadellcleaningservices.com\/en\/wp-json\/wp\/v2\/media?parent=13"}],"curies":[{"name":"wp","href":"https:\/\/api.w.org\/{rel}","templated":true}]}}